{"id":11,"date":"2010-08-25T12:59:42","date_gmt":"2010-08-25T12:59:42","guid":{"rendered":"http:\/\/karagiorgos.blog-net.ch\/"},"modified":"2023-07-13T19:11:43","modified_gmt":"2023-07-13T17:11:43","slug":"books","status":"publish","type":"page","link":"https:\/\/karagiorgos.blog-net.ch\/gr\/books\/","title":{"rendered":"\u0392\u0399\u0392\u039b\u0399\u0391"},"content":{"rendered":"<p><\/p>\n<h3>BY PROF. PANOS KARAGIORGOS<\/h3>\n<p>The following books are published in Greek.\u00a0<a href=\"http:\/\/karagiorgos.blog-net.ch\/books\">For books published in English see this page<\/a>.<br \/>\n(Some books are availble for order from the author. Please use the <a title=\"Contact\u0395\u03a0\u0399\u039a\u039f\u0399\u039d\u03a9\u039d\u0399\u0391\" href=\"http:\/\/karagiorgos.blog-net.ch\/contact\/\">contact form<\/a>).<\/p>\n<table border=\"0\" width=\"100%\" cellspacing=\"7\" cellpadding=\"0\">\n<tbody>\n<tr>\n<td colspan=\"2\" valign=\"top\"><strong>Books published in Greek <\/strong><\/td>\n<\/tr>\n<tr>\n<td><em> \u039a\u03c9\u03c3\u03c4\u03ae\u03c2 \u03a0\u03b1\u03bb\u03b1\u03bc\u03ac\u03c2. \u03a0\u03bf\u03b9\u03b7\u03c4\u03b9\u03ba\u03ae \u03b1\u03bd\u03b8\u03bf\u03bb\u03bf\u03b3\u03af\u03b1<br \/>\n[Costis Palamas. Poetry Anthology]<\/em><br \/>\n<a href=\"https:\/\/biblionet.gr\/titleinfo\/%CE%B5%CF%84%CE%B1%CE%B9%CF%81%CE%B9%CE%B1?comid=9944\">\u03a6\u03b9\u03bb\u03cd\u03c1\u03b1<\/a>, \u0391\u03b8\u03ae\u03bd\u03b1, 2021<\/td>\n<td><a href=\"http:\/\/karagiorgos.blog-net.ch\/files\/2021\/08\/b258179.jpg\"><img loading=\"lazy\" decoding=\"async\" class=\"alignnone wp-image-4221 size-medium\" src=\"http:\/\/karagiorgos.blog-net.ch\/files\/2021\/08\/b258179-199x300.jpg\" alt=\"\" width=\"90\" height=\"135\" srcset=\"https:\/\/karagiorgos.blog-net.ch\/files\/2021\/08\/b258179-199x300.jpg 199w, https:\/\/karagiorgos.blog-net.ch\/files\/2021\/08\/b258179-400x604.jpg 400w, https:\/\/karagiorgos.blog-net.ch\/files\/2021\/08\/b258179.jpg 571w\" sizes=\"auto, (max-width: 90px) 100vw, 90px\" \/><\/a><\/td>\n<\/tr>\n<tr>\n<td><em>\u03a3\u03cd\u03bd\u03c4\u03bf\u03bc\u03b7 \u0399\u03c3\u03c4\u03bf\u03c1\u03af\u03b1 \u03c4\u03b7\u03c2 \u0391\u03b3\u03b3\u03bb\u03b9\u03ba\u03ae\u03c2 \u039b\u03bf\u03b3\u03bf\u03c4\u03b5\u03c7\u03bd\u03af\u03b1\u03c2<br \/>\n[A Short History of English Literature]<\/em><br \/>\n\u03a3\u03cd\u03bb\u03bb\u03bf\u03b3\u03bf\u03c2 \u03c0\u03c1\u03bf\u03c2 \u0394\u03b9\u03ac\u03b4\u03bf\u03c3\u03b9\u03bd \u03a9\u03c6\u03b5\u03bb\u03af\u03bc\u03c9\u03bd \u0392\u03b9\u03b2\u03bb\u03af\u03c9\u03bd,<br \/>\n\u0391\u03b8\u03ae\u03bd\u03b1, 1992<\/td>\n<td><img loading=\"lazy\" decoding=\"async\" class=\"alignnone size-full wp-image-141\" title=\"A short history of english literature\" src=\"http:\/\/karagiorgos.blog-net.ch\/files\/2010\/08\/title-a-short-history-of-english-literature.jpg\" alt=\"\" width=\"90\" height=\"139\" \/><\/td>\n<\/tr>\n<tr>\n<td><em>\u03a3\u03b1\u03b9\u03be\u03c0\u03b7\u03c1\u03b9\u03ba\u03ac M\u03b5\u03bb\u03b5\u03c4\u03ae\u03bc\u03b1\u03c4\u03b1<br \/>\n[Shakespeare Studies]<\/em><br \/>\n\u039a\u03c5\u03c1\u03b9\u03b1\u03ba\u03af\u03b4\u03b7\u03c2, \u0398\u03b5\u03c3\u03c3\u03b1\u03bb\u03bf\u03bd\u03af\u03ba\u03b7, 1992.<\/td>\n<td><img loading=\"lazy\" decoding=\"async\" class=\"alignnone size-full wp-image-147\" title=\"Shakespeare studies (greek)\" src=\"http:\/\/karagiorgos.blog-net.ch\/files\/2010\/08\/title-shakespeare-studiesgreek.jpg\" alt=\"\" width=\"90\" height=\"135\" \/><\/td>\n<\/tr>\n<tr>\n<td><em>\u03a0\u03bf\u03b9\u03b7\u03c4\u03b9\u03ba\u03ae \u0391\u03bd\u03b8\u03bf\u03bb\u03bf\u03b3\u03af\u03b1 \u0395\u03c0\u03c4\u03b1\u03bd\u03b7\u03c3\u03af\u03c9\u03bd \u039c\u03b5\u03c4\u03b1\u03c6\u03c1\u03b1\u03c3\u03c4\u03ce\u03bd<br \/>\n[An Anthology of Ionian Translators]<\/em><br \/>\n\u0394\u03ae\u03bc\u03bf\u03c2 \u039a\u03b5\u03c1\u03ba\u03c5\u03c1\u03b1\u03af\u03c9\u03bd, \u039a\u03ad\u03c1\u03ba\u03c5\u03c1\u03b1, 1998<\/td>\n<td><img loading=\"lazy\" decoding=\"async\" class=\"alignnone size-full wp-image-140\" title=\"An anthology of Ionian translators\" src=\"http:\/\/karagiorgos.blog-net.ch\/files\/2010\/08\/title-anthology-of-ionian-translators.jpg\" alt=\"\" width=\"90\" height=\"131\" \/><\/td>\n<\/tr>\n<tr>\n<td>\u03a0\u039f\u03a4\u0395 \u03a0\u0399\u0391 \u03a0\u039f\u039b\u0395\u039c\u039f\u03a3!<br \/>\nNEVER MORE WAR!<\/td>\n<td><img loading=\"lazy\" decoding=\"async\" class=\"alignnone size-full wp-image-139\" title=\"Anglo-hellenic cultural relations (greek)\" src=\"http:\/\/karagiorgos.blog-net.ch\/files\/2023\/07\/1688213863375-thumbnail.jpg\" alt=\"\" width=\"90\" height=\"133\" \/><\/td>\n<\/tr>\n<tr>\n<td>\u039f \u039f\u03a5\u0399\u039b\u039b\u0399\u0391\u039c \u03a3\u0391\u0399\u039e\u03a0\u0397\u03a1\u00a0\u03a3\u03a4\u0397\u039d \u0395\u039b\u039b\u0391\u0394\u0391<br \/>\nWILLIAM SHAKESPEARE IN GREECE<\/td>\n<td valign=\"top\"><img loading=\"lazy\" decoding=\"async\" class=\"alignnone size-full wp-image-146\" title=\"A panorama of english poetry (greek)\" src=\"http:\/\/karagiorgos.blog-net.ch\/files\/2023\/07\/1688213863378-thumbnail.jpg\" alt=\"\" width=\"90\" height=\"141\" \/><\/td>\n<\/tr>\n<tr>\n<td valign=\"top\"><em> \u0398\u03ad\u03bc\u03b1\u03c4\u03b1 \u0395\u03c0\u03c4\u03b1\u03bd\u03b7\u03c3\u03b9\u03b1\u03ba\u03ae\u03c2 \u039b\u03bf\u03b3\u03bf\u03c4\u03b5\u03c7\u03bd\u03af\u03b1\u03c2<br \/>\n[Topics on Ionian Literature]<\/em><br \/>\n\u03a3\u03cd\u03bb\u03bb\u03bf\u03b3\u03bf\u03c2 \u03c0\u03c1\u03bf\u03c2 \u0394\u03b9\u03ac\u03b4\u03bf\u03c3\u03b9\u03bd \u03a9\u03c6\u03b5\u03bb\u03af\u03bc\u03c9\u03bd \u0392\u03b9\u03b2\u03bb\u03af\u03c9\u03bd,<br \/>\n\u0391\u03b8\u03ae\u03bd\u03b1, 2007.<\/td>\n<td valign=\"top\"><\/td>\n<\/tr>\n<tr>\n<td valign=\"top\"><\/td>\n<td valign=\"top\"><\/td>\n<\/tr>\n<tr>\n<td valign=\"top\"><\/td>\n<td valign=\"top\"><\/td>\n<\/tr>\n<tr>\n<td colspan=\"2\" valign=\"top\"><\/td>\n<\/tr>\n<tr>\n<td colspan=\"2\" valign=\"top\"><strong>Books translated from English<\/strong><\/td>\n<\/tr>\n<tr>\n<td>J. B. Wace &amp; M. S. Thompson,<br \/>\n<em>\u039f\u03b9 \u039d\u03bf\u03bc\u03ac\u03b4\u03b5\u03c2 \u03c4\u03c9\u03bd \u0392\u03b1\u03bb\u03ba\u03b1\u03bd\u03af\u03c9\u03bd. <\/em><br \/>\n<em>\u03a0\u03b5\u03c1\u03b9\u03b3\u03c1\u03b1\u03c6\u03ae \u03c4\u03b7\u03c2 \u03b6\u03c9\u03ae\u03c2 \u03ba\u03b1\u03b9 \u03c4\u03c9\u03bd \u03b5\u03b8\u03af\u03bc\u03c9\u03bd<\/em>.<br \/>\n\u039a\u03c5\u03c1\u03b9\u03b1\u03ba\u03af\u03b4\u03b7\u03c2, \u0398\u03b5\u03c3\u03c3\u03b1\u03bb\u03bf\u03bd\u03af\u03ba\u03b7, 1989.<\/td>\n<td><\/td>\n<\/tr>\n<tr>\n<td>Terence Spencer,<br \/>\n<em>\u039f \u0391\u03b3\u03b3\u03bb\u03b9\u03ba\u03cc\u03c2 \u03a6\u03b9\u03bb\u03bf\u03bb\u03bf\u03b3\u03b9\u03ba\u03cc\u03c2 \u03a6\u03b9\u03bb\u03b5\u03bb\u03bb\u03b7\u03bd\u03b9\u03c3\u03bc\u03cc\u03c2.<\/em><br \/>\n<em>\u0391\u03c0\u03cc \u03c4\u03bf\u03bd \u03a3\u03b1\u03af\u03be\u03c0\u03b7\u03c1 \u03c9\u03c2 \u03c4\u03bf\u03bd \u039c\u03c0\u03ac\u03c5\u03c1\u03bf\u03bd<\/em>.<br \/>\n\u03a3\u03cd\u03bb\u03bb\u03bf\u03b3\u03bf\u03c2 \u03c0\u03c1\u03bf\u03c2 \u0394\u03b9\u03ac\u03b4\u03bf\u03c3\u03b9\u03bd \u03a9\u03c6\u03b5\u03bb\u03af\u03bc\u03c9\u03bd \u0392\u03b9\u03b2\u03bb\u03af\u03c9\u03bd<br \/>\n\u0391\u03b8\u03ae\u03bd\u03b1, 1990.<\/td>\n<td><\/td>\n<\/tr>\n<tr>\n<td>Lord Byron,<br \/>\n<em>\u0397 \u03ba\u03b1\u03c4\u03ac\u03c1\u03b1 \u03c4\u03b7\u03c2 \u0391\u03b8\u03b7\u03bd\u03ac\u03c2<\/em> (\u0392\u0384\u03ad\u03ba\u03b4\u03bf\u03c3\u03b7)<br \/>\n\u039a\u03c5\u03c1\u03b9\u03b1\u03ba\u03af\u03b4\u03b7\u03c2, \u0398\u03b5\u03c3\u03c3\u03b1\u03bb\u03bf\u03bd\u03af\u03ba\u03b7, 1995.<\/td>\n<td><\/td>\n<\/tr>\n<tr>\n<td><em>\u039c\u03c0\u03ad\u03bf\u03b3\u03bf\u03c5\u03bb\u03c6<\/em>,<br \/>\n\u0391\u03b3\u03b3\u03bb\u03bf\u03c3\u03b1\u03be\u03bf\u03bd\u03b9\u03ba\u03cc \u03b5\u03c0\u03b9\u03ba\u03cc \u03c0\u03bf\u03af\u03b7\u03bc\u03b1<br \/>\n(\u0392\u03c1\u03b1\u03b2\u03b5\u03af\u03bf \u03c4\u03b7\u03c2\u00a0 \u0395\u03bb\u03bb\u03b7\u03bd\u03b9\u03ba\u03ae\u03c2 \u0395\u03c4\u03b1\u03b9\u03c1\u03b5\u03af\u03b1\u03c2 \u039c\u03b5\u03c4\u03b1\u03c6\u03c1\u03b1\u03c3\u03c4\u03ce\u03bd \u039b\u03bf\u03b3\u03bf\u03c4\u03b5\u03c7\u03bd\u03af\u03b1\u03c2). \u039a\u03c5\u03c1\u03b9\u03b1\u03ba\u03af\u03b4\u03b7\u03c2, \u0398\u03b5\u03c3\u03c3\u03b1\u03bb\u03bf\u03bd\u03af\u03ba\u03b7, 1996.<\/td>\n<td><\/td>\n<\/tr>\n<tr>\n<td>John Forte,<br \/>\n<em>\u03a4\u03bf \u039c\u03bf\u03bd\u03b1\u03c3\u03c4\u03ae\u03c1\u03b9 \u03c4\u03b7\u03c2 \u03a0\u03b1\u03bb\u03b1\u03b9\u03bf\u03ba\u03b1\u03c3\u03c4\u03c1\u03af\u03c4\u03c3\u03b1\u03c2 <\/em><br \/>\n\u03a7\u03b5\u03b9\u03bc\u03b1\u03c1\u03b9\u03cc\u03c2, \u039a\u03ad\u03c1\u03ba\u03c5\u03c1\u03b1, 1999.<\/td>\n<td><\/td>\n<\/tr>\n<tr>\n<td><em>\u0395\u03c5\u03c1\u03c9\u03c0\u03b1\u03ca\u03ba\u03ae \u03a0\u03bf\u03af\u03b7\u03c3\u03b7 <\/em><br \/>\n<em>(\u03b1\u03b3\u03b3\u03bb\u03b9\u03ba\u03ae, \u03b3\u03b5\u03c1\u03bc\u03b1\u03bd\u03b9\u03ba\u03ae, \u03c3\u03bf\u03c5\u03b7\u03b4\u03b9\u03ba\u03ae, \u03bd\u03bf\u03c1\u03b2\u03b7\u03b3\u03b9\u03ba\u03ae, \u03c3\u03b5\u03c1\u03b2\u03b9\u03ba\u03ae). <\/em>\u0395\u03ba\u03b4\u03cc\u03c3\u03b5\u03b9\u03c2 \u03a0\u03ac\u03c4\u03bc\u03bf\u03c2, 2010.<\/td>\n<td><\/td>\n<\/tr>\n<tr>\n<td>G. P. Henderson,<br \/>\n<em>\u0397 \u0399\u03cc\u03bd\u03b9\u03bf\u03c2 \u0391\u03ba\u03b1\u03b4\u03b7\u03bc\u03af\u03b1<\/em><br \/>\n(\u03c5\u03c0\u03cc \u03ad\u03ba\u03b4\u03bf\u03c3\u03b7 \/ forthcoming).<\/td>\n<td><\/td>\n<\/tr>\n<tr>\n<td colspan=\"2\" valign=\"top\"><\/td>\n<\/tr>\n<tr>\n<td valign=\"top\"><em>\u0392\u03c1\u03b5\u03c4\u03b1\u03bd\u03b9\u03ba\u03ad\u03c2 \u03ba\u03b1\u03b9 \u0393\u03b5\u03c1\u03bc\u03b1\u03bd\u03b9\u03ba\u03ad\u03c2 \u039c\u03c0\u03b1\u03bb\u03bb\u03ac\u03bd\u03c4\u03b5\u03c2<\/em><br \/>\n\u0394\u03b9\u03ce\u03bd\u03b7, \u0391\u03b8\u03ae\u03bd\u03b1, 2014<\/td>\n<td valign=\"top\"><a href=\"http:\/\/karagiorgos.blog-net.ch\/files\/2017\/01\/DSC_0078-2.jpg\"><img loading=\"lazy\" decoding=\"async\" class=\"alignnone size-medium wp-image-426\" src=\"http:\/\/karagiorgos.blog-net.ch\/files\/2017\/01\/DSC_0078-2-199x300.jpg\" alt=\"\" width=\"90\" height=\"141\" \/><\/a><\/td>\n<\/tr>\n<tr>\n<td valign=\"top\"><em>\u0395\u03c1\u03c1\u03af\u03ba\u03bf\u03c5 \u03a7\u03b1\u0390\u03bd\u03b5, \u03a0\u03bf\u03b9\u03ae\u03bc\u03b1\u03c4\u03b1 (\u03b5\u03c0\u03b9\u03bb\u03bf\u03b3\u03ae)<\/em><br \/>\n\u0394\u03b9\u03ce\u03bd\u03b7, \u0391\u03b8\u03ae\u03bd\u03b1, 2015<\/td>\n<td valign=\"top\"><a href=\"http:\/\/karagiorgos.blog-net.ch\/files\/2017\/01\/DSC_0079-2.jpg\"><img loading=\"lazy\" decoding=\"async\" class=\"alignnone size-medium wp-image-427\" src=\"http:\/\/karagiorgos.blog-net.ch\/files\/2017\/01\/DSC_0079-2-206x300.jpg\" alt=\"\" width=\"90\" height=\"141\" \/><\/a><\/td>\n<\/tr>\n<tr>\n<td valign=\"top\"><em>\u039c\u03b5\u03bb\u03b5\u03c4\u03ae\u03bc\u03b1\u03c4\u03b1 \u03b3\u03b9\u03b1 \u03c4\u03bf\u03bd \u0394\u03b9\u03bf\u03bd\u03cd\u03c3\u03b9\u03bf \u03a3\u03bf\u03bb\u03c9\u03bc\u03cc<\/em><br \/>\n\u03a6\u03b9\u03bb\u03cd\u03c1\u03b1, \u0391\u03b8\u03ae\u03bd\u03b1, 2018<\/td>\n<td valign=\"top\"><a href=\"http:\/\/karagiorgos.blog-net.ch\/files\/2019\/01\/karagiorgos_solomos_meletimata_cover.jpg\"><img loading=\"lazy\" decoding=\"async\" class=\"alignnone size-full wp-image-4213\" src=\"http:\/\/karagiorgos.blog-net.ch\/files\/2019\/01\/karagiorgos_solomos_meletimata_cover.jpg\" alt=\"\u03bc\u03b5\u03bb\u03b5\u03c4\u03b7\u03bc\u03b1\u03c4\u03b1 \u03b3\u03b9\u03b1 \u03c4\u03bf\u03bd \u03b4\u03b9\u03bf\u03bd\u03c5\u03c3\u03b9\u03bf \u03c3\u03bf\u03bb\u03c9\u03bc\u03bf\" width=\"90\" height=\"141\" srcset=\"https:\/\/karagiorgos.blog-net.ch\/files\/2019\/01\/karagiorgos_solomos_meletimata_cover.jpg 379w, https:\/\/karagiorgos.blog-net.ch\/files\/2019\/01\/karagiorgos_solomos_meletimata_cover-191x300.jpg 191w\" sizes=\"auto, (max-width: 90px) 100vw, 90px\" \/><\/a><\/td>\n<\/tr>\n<tr>\n<td valign=\"top\"><em>\u03a3\u03bf\u03c5\u03b7\u03b4\u03b9\u03ba\u03ae \u03a0\u03bf\u03af\u03b7\u03c3\u03b7<br \/>\n\u0395\u03ba\u03bb\u03bf\u03b3\u03ae \u03b1\u03c0\u03cc \u03c4\u03bf \u03ad\u03c1\u03b3\u03bf \u03c4\u03c9\u03bd: P\u00e4r Lagerkvist, Edith S\u00f6dergran, Hjalmar Gullberg, Karin Boye, Harry Martinson, Gunnar Ekel\u00f6f<\/em><br \/>\n\u03a6\u03b9\u03bb\u03cd\u03c1\u03b1, \u0391\u03b8\u03ae\u03bd\u03b1, 2018<\/td>\n<td valign=\"top\"><a href=\"http:\/\/karagiorgos.blog-net.ch\/files\/2019\/01\/Swedish.poetry.png\"><img loading=\"lazy\" decoding=\"async\" class=\"alignnone size-full wp-image-4214\" src=\"http:\/\/karagiorgos.blog-net.ch\/files\/2019\/01\/Swedish.poetry.png\" alt=\"\u03a3\u03bf\u03c5\u03b7\u03b4\u03b9\u03ba\u03ae \u03c0\u03bf\u03af\u03b7\u03c3\u03b7, P\u00e4r Lagerkvist, Edith S\u00f6dergran, Hjalmar Gullberg, Karin Boye, Harry Martinson, Gunnar Ekel\u00f6f\" width=\"90\" height=\"141\" \/><\/a><\/td>\n<\/tr>\n<\/tbody>\n<\/table>\n<p><\/p>","protected":false},"excerpt":{"rendered":"<p>BY PROF. PANOS KARAGIORGOS The following books are published in Greek.\u00a0For books published in English see this page. (Some books are availble for order from the author. Please use the contact form). Books published in Greek \u039a\u03c9\u03c3\u03c4\u03ae\u03c2 \u03a0\u03b1\u03bb\u03b1\u03bc\u03ac\u03c2. \u03a0\u03bf\u03b9\u03b7\u03c4\u03b9\u03ba\u03ae \u03b1\u03bd\u03b8\u03bf\u03bb\u03bf\u03b3\u03af\u03b1 [Costis Palamas. Poetry Anthology] \u03a6\u03b9\u03bb\u03cd\u03c1\u03b1, \u0391\u03b8\u03ae\u03bd\u03b1, 2021 \u03a3\u03cd\u03bd\u03c4\u03bf\u03bc\u03b7 \u0399\u03c3\u03c4\u03bf\u03c1\u03af\u03b1 \u03c4\u03b7\u03c2 \u0391\u03b3\u03b3\u03bb\u03b9\u03ba\u03ae\u03c2 \u039b\u03bf\u03b3\u03bf\u03c4\u03b5\u03c7\u03bd\u03af\u03b1\u03c2 [A Short History [&hellip;]<\/p>\n","protected":false},"author":465,"featured_media":0,"parent":0,"menu_order":200,"comment_status":"closed","ping_status":"closed","template":"","meta":{"iawp_total_views":362,"footnotes":""},"class_list":["post-11","page","type-page","status-publish","hentry"],"_links":{"self":[{"href":"https:\/\/karagiorgos.blog-net.ch\/gr\/wp-json\/wp\/v2\/pages\/11","targetHints":{"allow":["GET"]}}],"collection":[{"href":"https:\/\/karagiorgos.blog-net.ch\/gr\/wp-json\/wp\/v2\/pages"}],"about":[{"href":"https:\/\/karagiorgos.blog-net.ch\/gr\/wp-json\/wp\/v2\/types\/page"}],"author":[{"embeddable":true,"href":"https:\/\/karagiorgos.blog-net.ch\/gr\/wp-json\/wp\/v2\/users\/465"}],"replies":[{"embeddable":true,"href":"https:\/\/karagiorgos.blog-net.ch\/gr\/wp-json\/wp\/v2\/comments?post=11"}],"version-history":[{"count":0,"href":"https:\/\/karagiorgos.blog-net.ch\/gr\/wp-json\/wp\/v2\/pages\/11\/revisions"}],"wp:attachment":[{"href":"https:\/\/karagiorgos.blog-net.ch\/gr\/wp-json\/wp\/v2\/media?parent=11"}],"curies":[{"name":"wp","href":"https:\/\/api.w.org\/{rel}","templated":true}]}}